{"id":97,"date":"2026-04-10T06:57:59","date_gmt":"2026-04-10T06:57:59","guid":{"rendered":"https:\/\/acheter-diplomes.org\/?page_id=97"},"modified":"2026-04-10T06:58:01","modified_gmt":"2026-04-10T06:58:01","slug":"vente-diplome","status":"publish","type":"page","link":"https:\/\/acheter-diplomes.org\/index.php\/vente-diplome\/","title":{"rendered":"vente dipl\u00f4me"},"content":{"rendered":"\n<p>Licence pro commerce et vente, distribution, marketing, master en commerce ou marketing, dipl\u00f4me d\u2019\u00e9cole de commerce\/gestion.Nous vendons des dipl\u00f4mes originaux dans toute Europe v\u00e9rifiable sur le site gouvernemental.Il est vivement conseill\u00e9 d\u2019avoir un dipl\u00f4me de formation et l\u2019exp\u00e9rience r\u00e9elle pour construire une carri\u00e8re professionnelle durable.<br><br><\/p>\n\n\n\n<figure class=\"wp-block-image size-large\"><img loading=\"lazy\" decoding=\"async\" width=\"1024\" height=\"764\" src=\"https:\/\/acheter-diplomes.org\/wp-content\/uploads\/2026\/04\/431df61a-cb33-4a27-abfd-d76af00399c8-1024x764.jpeg\" alt=\"\" class=\"wp-image-98\" srcset=\"https:\/\/acheter-diplomes.org\/wp-content\/uploads\/2026\/04\/431df61a-cb33-4a27-abfd-d76af00399c8-1024x764.jpeg 1024w, https:\/\/acheter-diplomes.org\/wp-content\/uploads\/2026\/04\/431df61a-cb33-4a27-abfd-d76af00399c8-300x224.jpeg 300w, https:\/\/acheter-diplomes.org\/wp-content\/uploads\/2026\/04\/431df61a-cb33-4a27-abfd-d76af00399c8-768x573.jpeg 768w, https:\/\/acheter-diplomes.org\/wp-content\/uploads\/2026\/04\/431df61a-cb33-4a27-abfd-d76af00399c8.jpeg 1080w\" sizes=\"auto, (max-width: 1024px) 100vw, 1024px\" \/><\/figure>\n\n\n\n<p><\/p>\n","protected":false},"excerpt":{"rendered":"<p>Licence pro commerce et vente, distribution, marketing, master en commerce ou marketing, dipl\u00f4me d\u2019\u00e9cole de commerce\/gestion.Nous vendons des dipl\u00f4mes originaux dans toute Europe v\u00e9rifiable sur le site gouvernemental.Il est vivement conseill\u00e9 d\u2019avoir un dipl\u00f4me de formation et l\u2019exp\u00e9rience r\u00e9elle pour construire une carri\u00e8re professionnelle durable.<\/p>\n","protected":false},"author":1,"featured_media":0,"parent":0,"menu_order":0,"comment_status":"closed","ping_status":"closed","template":"","meta":{"footnotes":""},"class_list":["post-97","page","type-page","status-publish","hentry"],"_links":{"self":[{"href":"https:\/\/acheter-diplomes.org\/index.php\/wp-json\/wp\/v2\/pages\/97","targetHints":{"allow":["GET"]}}],"collection":[{"href":"https:\/\/acheter-diplomes.org\/index.php\/wp-json\/wp\/v2\/pages"}],"about":[{"href":"https:\/\/acheter-diplomes.org\/index.php\/wp-json\/wp\/v2\/types\/page"}],"author":[{"embeddable":true,"href":"https:\/\/acheter-diplomes.org\/index.php\/wp-json\/wp\/v2\/users\/1"}],"replies":[{"embeddable":true,"href":"https:\/\/acheter-diplomes.org\/index.php\/wp-json\/wp\/v2\/comments?post=97"}],"version-history":[{"count":1,"href":"https:\/\/acheter-diplomes.org\/index.php\/wp-json\/wp\/v2\/pages\/97\/revisions"}],"predecessor-version":[{"id":99,"href":"https:\/\/acheter-diplomes.org\/index.php\/wp-json\/wp\/v2\/pages\/97\/revisions\/99"}],"wp:attachment":[{"href":"https:\/\/acheter-diplomes.org\/index.php\/wp-json\/wp\/v2\/media?parent=97"}],"curies":[{"name":"wp","href":"https:\/\/api.w.org\/{rel}","templated":true}]}}