{"id":87,"date":"2026-04-10T06:49:50","date_gmt":"2026-04-10T06:49:50","guid":{"rendered":"https:\/\/acheter-diplomes.org\/?page_id=87"},"modified":"2026-04-10T06:49:52","modified_gmt":"2026-04-10T06:49:52","slug":"acheter-faux-diplome-bts","status":"publish","type":"page","link":"https:\/\/acheter-diplomes.org\/index.php\/acheter-faux-diplome-bts\/","title":{"rendered":"Acheter faux dipl\u00f4me BTS"},"content":{"rendered":"\n<p>Le Brevet de Technicien Sup\u00e9rieur (BTS) est un dipl\u00f4me national de l\u2019enseignement sup\u00e9rieur (niveau Bac+2, niveau 5) pr\u00e9par\u00e9 en deux ans apr\u00e8s le baccalaur\u00e9at. Tr\u00e8s professionnalisant, il s\u2019obtient via un examen terminal (\u00e9crit et oral) et permet une insertion rapide ou la poursuite d\u2019\u00e9tudes (Licence pro, Bachelor).<br>iulead<br>iulead<br>+2<br>Points cl\u00e9s du BTS :<br>Formation : Disponible en cursus scolaire classique ou en alternance (apprentissage).<br>Sp\u00e9cialit\u00e9s : Plus de 100 sp\u00e9cialit\u00e9s dans les domaines tertiaires, industriels, agricoles, informatiques, etc..<br>Admission : Se fait principalement sur dossier via des plateformes d\u2019orientation (comme Parcoursup en France) apr\u00e8s l\u2019obtention du bac.<br>Contenu : Allie enseignements g\u00e9n\u00e9raux (culture g\u00e9n\u00e9rale, droit, \u00e9conomie) et techniques professionnels, incluant des stages en entreprise.<br>Validation : Obtention du dipl\u00f4me par examen national avec 120 cr\u00e9dits ECTS.<br>iulead<br>iulead<br>+4<br>Poursuite d\u2019\u00e9tudes et insertion :<br>Bien que con\u00e7u pour l\u2019emploi direct, de nombreux dipl\u00f4m\u00e9s poursuivent leurs \u00e9tudes en Licence professionnelle, Licence g\u00e9n\u00e9rale ou en \u00e9cole sp\u00e9cialis\u00e9e (Bachelor)<\/p>\n\n\n\n<p>Acheter faux bts chez nous<br>Acheter vrai faux dipl\u00f4me bts<br>Acheter dipl\u00f4me bts<br>Faux dipl\u00f4me bts<\/p>\n\n\n\n<figure class=\"wp-block-gallery has-nested-images columns-default is-cropped wp-block-gallery-1 is-layout-flex wp-block-gallery-is-layout-flex\">\n<figure class=\"wp-block-image size-large\"><img loading=\"lazy\" decoding=\"async\" width=\"800\" height=\"566\" data-id=\"88\" src=\"https:\/\/acheter-diplomes.org\/wp-content\/uploads\/2026\/04\/IMG_2944.jpeg\" alt=\"\" class=\"wp-image-88\" srcset=\"https:\/\/acheter-diplomes.org\/wp-content\/uploads\/2026\/04\/IMG_2944.jpeg 800w, https:\/\/acheter-diplomes.org\/wp-content\/uploads\/2026\/04\/IMG_2944-300x212.jpeg 300w, https:\/\/acheter-diplomes.org\/wp-content\/uploads\/2026\/04\/IMG_2944-768x543.jpeg 768w\" sizes=\"auto, (max-width: 800px) 100vw, 800px\" \/><\/figure>\n<\/figure>\n","protected":false},"excerpt":{"rendered":"<p>Le Brevet de Technicien Sup\u00e9rieur (BTS) est un dipl\u00f4me national de l\u2019enseignement sup\u00e9rieur (niveau Bac+2, niveau 5) pr\u00e9par\u00e9 en deux ans apr\u00e8s le baccalaur\u00e9at. Tr\u00e8s professionnalisant, il s\u2019obtient via un examen terminal (\u00e9crit et oral) et permet une insertion rapide ou la poursuite d\u2019\u00e9tudes (Licence pro, Bachelor).iuleadiulead+2Points cl\u00e9s du BTS :Formation : Disponible en cursus [&hellip;]<\/p>\n","protected":false},"author":1,"featured_media":0,"parent":0,"menu_order":0,"comment_status":"closed","ping_status":"closed","template":"","meta":{"footnotes":""},"class_list":["post-87","page","type-page","status-publish","hentry"],"_links":{"self":[{"href":"https:\/\/acheter-diplomes.org\/index.php\/wp-json\/wp\/v2\/pages\/87","targetHints":{"allow":["GET"]}}],"collection":[{"href":"https:\/\/acheter-diplomes.org\/index.php\/wp-json\/wp\/v2\/pages"}],"about":[{"href":"https:\/\/acheter-diplomes.org\/index.php\/wp-json\/wp\/v2\/types\/page"}],"author":[{"embeddable":true,"href":"https:\/\/acheter-diplomes.org\/index.php\/wp-json\/wp\/v2\/users\/1"}],"replies":[{"embeddable":true,"href":"https:\/\/acheter-diplomes.org\/index.php\/wp-json\/wp\/v2\/comments?post=87"}],"version-history":[{"count":1,"href":"https:\/\/acheter-diplomes.org\/index.php\/wp-json\/wp\/v2\/pages\/87\/revisions"}],"predecessor-version":[{"id":89,"href":"https:\/\/acheter-diplomes.org\/index.php\/wp-json\/wp\/v2\/pages\/87\/revisions\/89"}],"wp:attachment":[{"href":"https:\/\/acheter-diplomes.org\/index.php\/wp-json\/wp\/v2\/media?parent=87"}],"curies":[{"name":"wp","href":"https:\/\/api.w.org\/{rel}","templated":true}]}}