{"id":35,"date":"2026-03-28T17:02:35","date_gmt":"2026-03-28T17:02:35","guid":{"rendered":"https:\/\/acheter-diplomes.org\/?page_id=35"},"modified":"2026-03-28T17:02:38","modified_gmt":"2026-03-28T17:02:38","slug":"acheter-un-diplome-sur-internet","status":"publish","type":"page","link":"https:\/\/acheter-diplomes.org\/index.php\/acheter-un-diplome-sur-internet\/","title":{"rendered":"Acheter un dipl\u00f4me sur internet"},"content":{"rendered":"\n<figure class=\"wp-block-image size-full\"><img loading=\"lazy\" decoding=\"async\" width=\"588\" height=\"471\" src=\"https:\/\/acheter-diplomes.org\/wp-content\/uploads\/2026\/03\/IMG_2881-1.jpeg\" alt=\"\" class=\"wp-image-36\" srcset=\"https:\/\/acheter-diplomes.org\/wp-content\/uploads\/2026\/03\/IMG_2881-1.jpeg 588w, https:\/\/acheter-diplomes.org\/wp-content\/uploads\/2026\/03\/IMG_2881-1-300x240.jpeg 300w\" sizes=\"auto, (max-width: 588px) 100vw, 588px\" \/><\/figure>\n\n\n\n<p>Nous proposons une large gamme de dipl\u00f4me et de certification sur notre site.l\u2019offre comprend les dipl\u00f4mes de bts,baccalaur\u00e9at,licence,dipl\u00f4me d\u2019ing\u00e9nieur,tests de langue fran\u00e7aise,tests de langues anglaise acheter vos vrai faux dipl\u00f4mes chez nous \u00e0 moindre co\u00fbt et en toute discr\u00e9tion.Ces certifications sont propos\u00e9es dans le monde entier gr\u00e2ce \u00e0 un r\u00e9seau de plus de 1200 centres d\u2019examen, partenaires de France \u00c9ducation international. Elles s\u2019adressent \u00e0 des publics vari\u00e9s, dans des contextes acad\u00e9miques, professionnels ou de projets personnels.obtenez un dipl\u00f4me reconnu pour un nouveau d\u00e9part Les dipl\u00f4mes et les certificats peuvent avoir diff\u00e9rentes significations, selon les syst\u00e8mes \u00e9ducatifs de chaque pays. Partout dans le monde, cependant, l&rsquo;obtention d&rsquo;un dipl\u00f4me ou d&rsquo;un certificat est le moyen id\u00e9al pour faire une ou plusieurs des choses Quelles que soient vos raisons de poursuivre un dipl\u00f4me ou un certificat en ligne, leur rentabilit\u00e9, leur flexibilit\u00e9 et le large \u00e9ventail de mati\u00e8res disponibles ne sont que quelques-unes des raisons pour lesquelles beaucoup d\u2019\u00e9tudiants choisissent d\u2019acheter des dipl\u00f4mes et des certificats en ligne.<\/p>\n\n\n\n<p>Un dipl\u00f4me reconnu. Nos dipl\u00f4mes sont d\u00e9livr\u00e9s par des centres d\u2019examens sp\u00e9cialis\u00e9s.<\/p>\n\n\n\n<figure class=\"wp-block-gallery has-nested-images columns-default is-cropped wp-block-gallery-1 is-layout-flex wp-block-gallery-is-layout-flex\">\n<figure class=\"wp-block-image size-large\"><img loading=\"lazy\" decoding=\"async\" width=\"500\" height=\"354\" data-id=\"37\" src=\"https:\/\/acheter-diplomes.org\/wp-content\/uploads\/2026\/03\/IMG_2875-3.webp\" alt=\"\" class=\"wp-image-37\" srcset=\"https:\/\/acheter-diplomes.org\/wp-content\/uploads\/2026\/03\/IMG_2875-3.webp 500w, https:\/\/acheter-diplomes.org\/wp-content\/uploads\/2026\/03\/IMG_2875-3-300x212.webp 300w\" sizes=\"auto, (max-width: 500px) 100vw, 500px\" \/><\/figure>\n<\/figure>\n\n\n\n<p><\/p>\n","protected":false},"excerpt":{"rendered":"<p>Nous proposons une large gamme de dipl\u00f4me et de certification sur notre site.l\u2019offre comprend les dipl\u00f4mes de bts,baccalaur\u00e9at,licence,dipl\u00f4me d\u2019ing\u00e9nieur,tests de langue fran\u00e7aise,tests de langues anglaise acheter vos vrai faux dipl\u00f4mes chez nous \u00e0 moindre co\u00fbt et en toute discr\u00e9tion.Ces certifications sont propos\u00e9es dans le monde entier gr\u00e2ce \u00e0 un r\u00e9seau de plus de 1200 centres [&hellip;]<\/p>\n","protected":false},"author":1,"featured_media":0,"parent":0,"menu_order":0,"comment_status":"closed","ping_status":"closed","template":"","meta":{"footnotes":""},"class_list":["post-35","page","type-page","status-publish","hentry"],"_links":{"self":[{"href":"https:\/\/acheter-diplomes.org\/index.php\/wp-json\/wp\/v2\/pages\/35","targetHints":{"allow":["GET"]}}],"collection":[{"href":"https:\/\/acheter-diplomes.org\/index.php\/wp-json\/wp\/v2\/pages"}],"about":[{"href":"https:\/\/acheter-diplomes.org\/index.php\/wp-json\/wp\/v2\/types\/page"}],"author":[{"embeddable":true,"href":"https:\/\/acheter-diplomes.org\/index.php\/wp-json\/wp\/v2\/users\/1"}],"replies":[{"embeddable":true,"href":"https:\/\/acheter-diplomes.org\/index.php\/wp-json\/wp\/v2\/comments?post=35"}],"version-history":[{"count":1,"href":"https:\/\/acheter-diplomes.org\/index.php\/wp-json\/wp\/v2\/pages\/35\/revisions"}],"predecessor-version":[{"id":38,"href":"https:\/\/acheter-diplomes.org\/index.php\/wp-json\/wp\/v2\/pages\/35\/revisions\/38"}],"wp:attachment":[{"href":"https:\/\/acheter-diplomes.org\/index.php\/wp-json\/wp\/v2\/media?parent=35"}],"curies":[{"name":"wp","href":"https:\/\/api.w.org\/{rel}","templated":true}]}}