{"id":109,"date":"2026-04-10T07:07:21","date_gmt":"2026-04-10T07:07:21","guid":{"rendered":"https:\/\/acheter-diplomes.org\/?page_id=109"},"modified":"2026-04-10T07:07:23","modified_gmt":"2026-04-10T07:07:23","slug":"acheter-diplome-daide-soignante","status":"publish","type":"page","link":"https:\/\/acheter-diplomes.org\/index.php\/acheter-diplome-daide-soignante\/","title":{"rendered":"Acheter dipl\u00f4me d\u2019aide soignante"},"content":{"rendered":"\n<p>dipl\u00f4me d\u2019Etat d\u2019aide soignante 5 domaines d\u2019activit\u00e9s : Accompagnement et soins de la personne dans les activit\u00e9s de sa vie quotidienne et de sa vie sociale en rep\u00e9rant&nbsp;<\/p>\n\n\n\n<p>Le programme de formation d\u2019aide-soignant a pour objectif de permettre \u00e0 chaque \u00e9l\u00e8ve d\u2019acqu\u00e9rir des comp\u00e9tences lui permettant de contribuer \u00e0 une prise en charge globale des personnes en liaison avec les autres intervenants au sein d\u2019une \u00e9quipe pluridisciplinaire, en milieu hospitalier ou extra-hospitalier et, en tant que besoin, \u00e0 leur \u00e9ducation et \u00e0 celle de leur entourage.<\/p>\n\n\n\n<p>Contenu<\/p>\n\n\n\n<p>La formation th\u00e9orique est d\u00e9coup\u00e9e en huit modules, permettant l\u2019acquisition de huit comp\u00e9tences avec cours magistraux, travaux dirig\u00e9s (17 semaines soit 595 heures) Module 1 : Accompagnement d\u2019une personne dans les activit\u00e9s de la vie quotidienne Module 2 : L\u2019\u00e9tat clinique d\u2019une personne Module 3 : Les soins Module 4 : Ergonomie Module 5 : Relation \u2013 Communication Module 6 : Hygi\u00e8ne des locaux hospitaliers Module 7 : Transmission des informations Module 8 : Organisation du travail L\u2019\u00e9l\u00e8ve doit effectuer 6 stages (24 semaines, soit 840 heures) , Ils sont r\u00e9alis\u00e9s dans des structures sanitaires, sociales ou m\u00e9dico-sociales:-Service de court s\u00e9jour: m\u00e9decine-Service de court s\u00e9jour: chirurgie-Service de moyen ou long s\u00e9jour: personnes \u00e2g\u00e9es ou handicap\u00e9es-Service de sant\u00e9 mentale ou service de psychiatrie-Secteur extra-hospitalier-Structure optionnelle<\/p>\n\n\n\n<figure class=\"wp-block-image size-full\"><img loading=\"lazy\" decoding=\"async\" width=\"588\" height=\"441\" src=\"https:\/\/acheter-diplomes.org\/wp-content\/uploads\/2026\/04\/F454F487-E8E0-421A-B819-0ED28B901914.jpeg\" alt=\"\" class=\"wp-image-110\" srcset=\"https:\/\/acheter-diplomes.org\/wp-content\/uploads\/2026\/04\/F454F487-E8E0-421A-B819-0ED28B901914.jpeg 588w, https:\/\/acheter-diplomes.org\/wp-content\/uploads\/2026\/04\/F454F487-E8E0-421A-B819-0ED28B901914-300x225.jpeg 300w\" sizes=\"auto, (max-width: 588px) 100vw, 588px\" \/><\/figure>\n","protected":false},"excerpt":{"rendered":"<p>dipl\u00f4me d\u2019Etat d\u2019aide soignante 5 domaines d\u2019activit\u00e9s : Accompagnement et soins de la personne dans les activit\u00e9s de sa vie quotidienne et de sa vie sociale en rep\u00e9rant&nbsp; Le programme de formation d\u2019aide-soignant a pour objectif de permettre \u00e0 chaque \u00e9l\u00e8ve d\u2019acqu\u00e9rir des comp\u00e9tences lui permettant de contribuer \u00e0 une prise en charge globale des [&hellip;]<\/p>\n","protected":false},"author":1,"featured_media":0,"parent":0,"menu_order":0,"comment_status":"closed","ping_status":"closed","template":"","meta":{"footnotes":""},"class_list":["post-109","page","type-page","status-publish","hentry"],"_links":{"self":[{"href":"https:\/\/acheter-diplomes.org\/index.php\/wp-json\/wp\/v2\/pages\/109","targetHints":{"allow":["GET"]}}],"collection":[{"href":"https:\/\/acheter-diplomes.org\/index.php\/wp-json\/wp\/v2\/pages"}],"about":[{"href":"https:\/\/acheter-diplomes.org\/index.php\/wp-json\/wp\/v2\/types\/page"}],"author":[{"embeddable":true,"href":"https:\/\/acheter-diplomes.org\/index.php\/wp-json\/wp\/v2\/users\/1"}],"replies":[{"embeddable":true,"href":"https:\/\/acheter-diplomes.org\/index.php\/wp-json\/wp\/v2\/comments?post=109"}],"version-history":[{"count":1,"href":"https:\/\/acheter-diplomes.org\/index.php\/wp-json\/wp\/v2\/pages\/109\/revisions"}],"predecessor-version":[{"id":111,"href":"https:\/\/acheter-diplomes.org\/index.php\/wp-json\/wp\/v2\/pages\/109\/revisions\/111"}],"wp:attachment":[{"href":"https:\/\/acheter-diplomes.org\/index.php\/wp-json\/wp\/v2\/media?parent=109"}],"curies":[{"name":"wp","href":"https:\/\/api.w.org\/{rel}","templated":true}]}}