{"id":103,"date":"2026-04-10T07:02:38","date_gmt":"2026-04-10T07:02:38","guid":{"rendered":"https:\/\/acheter-diplomes.org\/?page_id=103"},"modified":"2026-04-10T07:02:40","modified_gmt":"2026-04-10T07:02:40","slug":"acheter-le-diplome-en-ligne","status":"publish","type":"page","link":"https:\/\/acheter-diplomes.org\/index.php\/acheter-le-diplome-en-ligne\/","title":{"rendered":"Acheter le dipl\u00f4me en ligne"},"content":{"rendered":"\n<h2 class=\"wp-block-heading\">D\u00e9couvrez plus de 7000 options de dipl\u00f4mes de notre base de donn\u00e9es<\/h2>\n\n\n\n<p><strong>La France propose une vaste gamme de dipl\u00f4mes reconnus par l\u2019\u00c9tat, couvrant divers niveaux et domaines de formation. Ces dipl\u00f4mes sont classifi\u00e9s selon une nomenclature officielle, allant du niveau 3 (CAP, BEP) au niveau 8 (Doctorat). Voici un aper\u00e7u structur\u00e9 des principaux dipl\u00f4mes fran\u00e7ais :<\/strong><\/p>\n\n\n\n<p><strong>Dipl\u00f4mes par niveau<\/strong><\/p>\n\n\n\n<p><strong>Niveau 3 (CAP, BEP)<\/strong><\/p>\n\n\n\n<p><strong>\u2013&nbsp;<\/strong><strong>Acheter&nbsp;<\/strong><strong>CAP (Certificat d\u2019Aptitude Professionnelle) : CAP Boucher, CAP Menuiserie, CAP Coiffure, etc.<\/strong><\/p>\n\n\n\n<p><strong>\u2013&nbsp;<\/strong><strong>Acheter &nbsp;<\/strong><strong>BEP (Brevet d\u2019\u00c9tudes Professionnelles) : BEP M\u00e9tiers de la mode, BEP Maintenance des \u00e9quipements industriels, etc.<\/strong><\/p>\n\n\n\n<p><strong>Niveau 4 (Baccalaur\u00e9at, BP)<\/strong><\/p>\n\n\n\n<p><strong>\u2013&nbsp;<\/strong><strong>Acheter &nbsp;<\/strong><strong>Baccalaur\u00e9at : Bac G\u00e9n\u00e9ral, Bac Technologique, Bac Professionnel (ex : Bac Pro Esth\u00e9tique, Bac Pro Commerce).<\/strong><\/p>\n\n\n\n<p><strong>\u2013&nbsp;<\/strong><strong>Acheter &nbsp;<\/strong><strong>BP (Brevet Professionnel) : BP Coiffure, BP \u00c9lectricien, etc.<\/strong><\/p>\n\n\n\n<p><strong>Niveau 5 (Bac +2)<\/strong><\/p>\n\n\n\n<p><strong>\u2013&nbsp;<\/strong><strong>Acheter &nbsp;<\/strong><strong>BTS (Brevet de Technicien Sup\u00e9rieur) : BTS Comptabilit\u00e9 et Gestion, BTS Professions Immobili\u00e8res, etc.<\/strong><\/p>\n\n\n\n<p><strong>\u2013&nbsp;<\/strong><strong>Acheter &nbsp;<\/strong><strong>DUT (Dipl\u00f4me Universitaire de Technologie) : DUT G\u00e9nie Civil, DUT Informatique, etc.<\/strong><\/p>\n\n\n\n<p><strong>\u2013&nbsp;<\/strong><strong>Acheter &nbsp;<\/strong><strong>DEUST (Dipl\u00f4me d\u2019\u00c9tudes Universitaires Scientifiques et Techniques) : DEUST M\u00e9tiers de la forme, etc.<\/strong><\/p>\n\n\n\n<p><strong>Niveau 6 (Bac +3)<\/strong><\/p>\n\n\n\n<p><strong>\u2013&nbsp;<\/strong><strong>Acheter &nbsp;<\/strong><strong>Licence : Licence Droit, Licence Sciences de la Vie, Licence Langues \u00c9trang\u00e8res Appliqu\u00e9es, etc.<\/strong><\/p>\n\n\n\n<p><strong>\u2013&nbsp;<\/strong><strong>Acheter &nbsp;<\/strong><strong>Licence Professionnelle : Licence Pro Assurance, Licence Pro \u00c9nergie, etc.<\/strong><\/p>\n\n\n\n<p><strong>\u2013&nbsp;<\/strong><strong>Acheter &nbsp;un&nbsp;<\/strong><strong>DU Droit de la Sant\u00e9<\/strong><\/p>\n\n\n\n<p><strong>\u2013<\/strong><strong>Acheter &nbsp;un&nbsp;<\/strong><strong>&nbsp;DU Psychologie Clinique<\/strong><\/p>\n\n\n\n<p><strong>\u2013<\/strong><strong>Acheter&nbsp;<\/strong><strong>&nbsp;BUT (Bachelor Universitaire de Technologie) : BUT Informatique, BUT G\u00e9nie Biologique, etc.<\/strong><\/p>\n\n\n\n<p><strong>Niveau 7 (Bac +5)<\/strong><\/p>\n\n\n\n<p><strong>\u2013&nbsp;<\/strong><strong>Acheter &nbsp;<\/strong><strong>Master : Master Psychologie, Master Biologie, Master Urbanisme, etc.<\/strong><\/p>\n\n\n\n<p><strong>\u2013&nbsp;<\/strong><strong>Acheter &nbsp;<\/strong><strong>Dipl\u00f4me d\u2019Ing\u00e9nieur : Dipl\u00f4me d\u2019Ing\u00e9nieur en Informatique, Dipl\u00f4me d\u2019Ing\u00e9nieur en M\u00e9canique, etc.<\/strong><\/p>\n\n\n\n<p><strong>Niveau 8 (Doctorat)<\/strong><\/p>\n\n\n\n<p><strong>\u2013&nbsp;<\/strong><strong>Acheter&nbsp;<\/strong><strong>Doctorat : Doctorat en Droit, Doctorat en Sciences, Doctorat en Lettres, etc.<\/strong><\/p>\n\n\n\n<p><strong>Dipl\u00f4mes d\u2019\u00c9tat dans les secteurs sp\u00e9cifiques<\/strong><\/p>\n\n\n\n<p><strong>Sant\u00e9<\/strong><\/p>\n\n\n\n<p><strong>\u2013&nbsp;<\/strong><strong>Acheter &nbsp;<\/strong><strong>Dipl\u00f4me d\u2019\u00c9tat d\u2019Infirmier (DEI)<\/strong><\/p>\n\n\n\n<p><strong>\u2013&nbsp;<\/strong><strong>Acheter&nbsp;<\/strong><strong>Dipl\u00f4me d\u2019\u00c9tat d\u2019Aide-Soignant (DEAS)<\/strong><\/p>\n\n\n\n<p><strong>\u2013&nbsp;<\/strong><strong>Acheter&nbsp;<\/strong><strong>Dipl\u00f4me d\u2019\u00c9tat de Pu\u00e9ricultrice<\/strong><\/p>\n\n\n\n<p><strong>Social<\/strong><\/p>\n\n\n\n<p><strong>\u2013&nbsp;<\/strong><strong>Acheter&nbsp;<\/strong><strong>Dipl\u00f4me d\u2019\u00c9tat d\u2019\u00c9ducateur Sp\u00e9cialis\u00e9<\/strong><\/p>\n\n\n\n<p><strong>\u2013&nbsp;<\/strong><strong>Acheter&nbsp;<\/strong><strong>Dipl\u00f4me d\u2019\u00c9tat d\u2019Assistant de Service Social<\/strong><\/p>\n\n\n\n<p><strong>Sport<\/strong><\/p>\n\n\n\n<p><strong>\u2013&nbsp;<\/strong><strong>Acheter&nbsp;<\/strong><strong>BPJEPS (Brevet Professionnel de la Jeunesse, de l\u2019\u00c9ducation Populaire et du Sport)<\/strong><\/p>\n\n\n\n<p><strong>\u2013&nbsp;<\/strong><strong>Acheter&nbsp;<\/strong><strong>DEJEPS (Dipl\u00f4me d\u2019\u00c9tat de la Jeunesse, de l\u2019\u00c9ducation Populaire et du Sport)<\/strong><\/p>\n\n\n\n<p><strong>&nbsp;Titres professionnels et certifications<\/strong><\/p>\n\n\n\n<p><strong>Le R\u00e9pertoire National des Certifications Professionnelles (RNCP) recense \u00e9galement des titres \u00e0 finalit\u00e9 professionnelle, tels que :<\/strong><\/p>\n\n\n\n<p><strong>\u2013 Assistant Comptable<\/strong><\/p>\n\n\n\n<p><strong>\u2013 Technicien de Maintenance Industrielle<\/strong><\/p>\n\n\n\n<p><strong>\u2013 D\u00e9veloppeur Web<\/strong><\/p>\n\n\n\n<p><strong>\u2013 Gestionnaire de Paie<\/strong><\/p>\n\n\n\n<p><strong>Dipl\u00f4mes Universitaires (DU)<\/strong><\/p>\n\n\n\n<p><strong>Les Dipl\u00f4mes Universitaires sont des formations sp\u00e9cifiques propos\u00e9es par les universit\u00e9s, par exemple :<\/strong><\/p>\n\n\n\n<p><strong>\u2013&nbsp;<\/strong><strong>Acheter&nbsp;<\/strong><strong>DU Addictologie<\/strong><\/p>\n\n\n\n<p><strong>&nbsp;Niveau 4 (suite) \u2013 Baccalaur\u00e9ats &amp; BP<\/strong><\/p>\n\n\n\n<p><strong>58.&nbsp;<\/strong><strong>Acheter &nbsp;<\/strong><strong>Bac Pro Commerce &nbsp;<\/strong><\/p>\n\n\n\n<p><strong>59.&nbsp;<\/strong><strong>Acheter &nbsp;<\/strong><strong>Bac Pro Gestion-Administration &nbsp;<\/strong><\/p>\n\n\n\n<p><strong>60.&nbsp;<\/strong><strong>Acheter&nbsp;<\/strong><strong>Bac Pro M\u00e9tiers de la S\u00e9curit\u00e9 &nbsp;<\/strong><\/p>\n\n\n\n<p><strong>61.<\/strong><strong>Acheter&nbsp;<\/strong><strong>&nbsp;Bac Pro Esth\u00e9tique &nbsp;<\/strong><\/p>\n\n\n\n<p><strong>62.&nbsp;<\/strong><strong>Acheter&nbsp;<\/strong><strong>Bac Pro \u00c9lectrotechnique &nbsp;<\/strong><\/p>\n\n\n\n<figure class=\"wp-block-gallery has-nested-images columns-default is-cropped wp-block-gallery-1 is-layout-flex wp-block-gallery-is-layout-flex\">\n<figure class=\"wp-block-image size-large\"><img loading=\"lazy\" decoding=\"async\" width=\"1024\" height=\"765\" data-id=\"104\" src=\"https:\/\/acheter-diplomes.org\/wp-content\/uploads\/2026\/04\/ddbd95d0-6d50-4807-86c6-a6408248af67-1024x765.jpeg\" alt=\"\" class=\"wp-image-104\" srcset=\"https:\/\/acheter-diplomes.org\/wp-content\/uploads\/2026\/04\/ddbd95d0-6d50-4807-86c6-a6408248af67-1024x765.jpeg 1024w, https:\/\/acheter-diplomes.org\/wp-content\/uploads\/2026\/04\/ddbd95d0-6d50-4807-86c6-a6408248af67-300x224.jpeg 300w, https:\/\/acheter-diplomes.org\/wp-content\/uploads\/2026\/04\/ddbd95d0-6d50-4807-86c6-a6408248af67-768x574.jpeg 768w, https:\/\/acheter-diplomes.org\/wp-content\/uploads\/2026\/04\/ddbd95d0-6d50-4807-86c6-a6408248af67.jpeg 1280w\" sizes=\"auto, (max-width: 1024px) 100vw, 1024px\" \/><\/figure>\n<\/figure>\n","protected":false},"excerpt":{"rendered":"<p>D\u00e9couvrez plus de 7000 options de dipl\u00f4mes de notre base de donn\u00e9es La France propose une vaste gamme de dipl\u00f4mes reconnus par l\u2019\u00c9tat, couvrant divers niveaux et domaines de formation. Ces dipl\u00f4mes sont classifi\u00e9s selon une nomenclature officielle, allant du niveau 3 (CAP, BEP) au niveau 8 (Doctorat). Voici un aper\u00e7u structur\u00e9 des principaux dipl\u00f4mes [&hellip;]<\/p>\n","protected":false},"author":1,"featured_media":0,"parent":0,"menu_order":0,"comment_status":"closed","ping_status":"closed","template":"","meta":{"footnotes":""},"class_list":["post-103","page","type-page","status-publish","hentry"],"_links":{"self":[{"href":"https:\/\/acheter-diplomes.org\/index.php\/wp-json\/wp\/v2\/pages\/103","targetHints":{"allow":["GET"]}}],"collection":[{"href":"https:\/\/acheter-diplomes.org\/index.php\/wp-json\/wp\/v2\/pages"}],"about":[{"href":"https:\/\/acheter-diplomes.org\/index.php\/wp-json\/wp\/v2\/types\/page"}],"author":[{"embeddable":true,"href":"https:\/\/acheter-diplomes.org\/index.php\/wp-json\/wp\/v2\/users\/1"}],"replies":[{"embeddable":true,"href":"https:\/\/acheter-diplomes.org\/index.php\/wp-json\/wp\/v2\/comments?post=103"}],"version-history":[{"count":1,"href":"https:\/\/acheter-diplomes.org\/index.php\/wp-json\/wp\/v2\/pages\/103\/revisions"}],"predecessor-version":[{"id":105,"href":"https:\/\/acheter-diplomes.org\/index.php\/wp-json\/wp\/v2\/pages\/103\/revisions\/105"}],"wp:attachment":[{"href":"https:\/\/acheter-diplomes.org\/index.php\/wp-json\/wp\/v2\/media?parent=103"}],"curies":[{"name":"wp","href":"https:\/\/api.w.org\/{rel}","templated":true}]}}