{"id":101,"date":"2026-04-10T07:00:13","date_gmt":"2026-04-10T07:00:13","guid":{"rendered":"https:\/\/acheter-diplomes.org\/?page_id=101"},"modified":"2026-04-10T07:00:16","modified_gmt":"2026-04-10T07:00:16","slug":"acheter-un-diplome","status":"publish","type":"page","link":"https:\/\/acheter-diplomes.org\/index.php\/acheter-un-diplome\/","title":{"rendered":"Acheter un dipl\u00f4me"},"content":{"rendered":"\n<p><strong>Le BTS MCO (Management commercial op\u00e9rationnel)<\/strong>&nbsp;: il permet d\u2019acqu\u00e9rir des comp\u00e9tences pratiques en gestion et en vente, sans exiger de pr\u00e9requis techniques pouss\u00e9s.Le moyen le plus rapide d\u2019obtenir un dipl\u00f4me d\u2019\u00e9tudes secondaires est de nous contacter en toute discr\u00e9tion qui accepte les paiements en plusieurs tranches.Ainsi, les \u00e9l\u00e8ves peuvent faire valoir les cours suivis au secondaire et s\u2019assurer que leurs efforts ant\u00e9rieurs sont reconnus et pris en compte pour l\u2019obtention de leur dipl\u00f4me.<\/p>\n\n\n\n<figure class=\"wp-block-image\"><img loading=\"lazy\" decoding=\"async\" width=\"800\" height=\"566\" src=\"https:\/\/acheter-diplomes.org\/wp-content\/uploads\/2026\/03\/IMG_2944.jpeg\" alt=\"\" class=\"wp-image-40\" srcset=\"https:\/\/acheter-diplomes.org\/wp-content\/uploads\/2026\/03\/IMG_2944.jpeg 800w, https:\/\/acheter-diplomes.org\/wp-content\/uploads\/2026\/03\/IMG_2944-300x212.jpeg 300w, https:\/\/acheter-diplomes.org\/wp-content\/uploads\/2026\/03\/IMG_2944-768x543.jpeg 768w\" sizes=\"auto, (max-width: 800px) 100vw, 800px\" \/><\/figure>\n\n\n\n<p>Vous devez faire votre demande d\u2019attestation de r\u00e9ussite directement sur le site gouvernemental . De nombreuses acad\u00e9mies disposent d\u2019un formulaire propre pour faire cette demande. V\u00e9rifiez directement aupr\u00e8s des services du rectorat ou sur son site internet<\/p>\n\n\n\n<p>contactez nous en priv\u00e9 pour plus d\u2019informations<\/p>\n\n\n\n<p><\/p>\n","protected":false},"excerpt":{"rendered":"<p>Le BTS MCO (Management commercial op\u00e9rationnel)&nbsp;: il permet d\u2019acqu\u00e9rir des comp\u00e9tences pratiques en gestion et en vente, sans exiger de pr\u00e9requis techniques pouss\u00e9s.Le moyen le plus rapide d\u2019obtenir un dipl\u00f4me d\u2019\u00e9tudes secondaires est de nous contacter en toute discr\u00e9tion qui accepte les paiements en plusieurs tranches.Ainsi, les \u00e9l\u00e8ves peuvent faire valoir les cours suivis au [&hellip;]<\/p>\n","protected":false},"author":1,"featured_media":0,"parent":0,"menu_order":0,"comment_status":"closed","ping_status":"closed","template":"","meta":{"footnotes":""},"class_list":["post-101","page","type-page","status-publish","hentry"],"_links":{"self":[{"href":"https:\/\/acheter-diplomes.org\/index.php\/wp-json\/wp\/v2\/pages\/101","targetHints":{"allow":["GET"]}}],"collection":[{"href":"https:\/\/acheter-diplomes.org\/index.php\/wp-json\/wp\/v2\/pages"}],"about":[{"href":"https:\/\/acheter-diplomes.org\/index.php\/wp-json\/wp\/v2\/types\/page"}],"author":[{"embeddable":true,"href":"https:\/\/acheter-diplomes.org\/index.php\/wp-json\/wp\/v2\/users\/1"}],"replies":[{"embeddable":true,"href":"https:\/\/acheter-diplomes.org\/index.php\/wp-json\/wp\/v2\/comments?post=101"}],"version-history":[{"count":1,"href":"https:\/\/acheter-diplomes.org\/index.php\/wp-json\/wp\/v2\/pages\/101\/revisions"}],"predecessor-version":[{"id":102,"href":"https:\/\/acheter-diplomes.org\/index.php\/wp-json\/wp\/v2\/pages\/101\/revisions\/102"}],"wp:attachment":[{"href":"https:\/\/acheter-diplomes.org\/index.php\/wp-json\/wp\/v2\/media?parent=101"}],"curies":[{"name":"wp","href":"https:\/\/api.w.org\/{rel}","templated":true}]}}